{"id":457,"date":"2026-04-15T10:14:09","date_gmt":"2026-04-15T08:14:09","guid":{"rendered":"https:\/\/spiaggiabooks.com\/?page_id=457"},"modified":"2026-04-15T10:34:31","modified_gmt":"2026-04-15T08:34:31","slug":"457-2","status":"publish","type":"page","link":"https:\/\/spiaggiabooks.com\/index.php\/457-2\/","title":{"rendered":"OSTIA"},"content":{"rendered":"\n<figure class=\"wp-block-image size-full\"><img loading=\"lazy\" decoding=\"async\" width=\"2560\" height=\"1707\" src=\"http:\/\/spiaggiabooks.com\/wp-content\/uploads\/2026\/04\/ostia-visuel-1-8-scaled.jpg\" alt=\"\" class=\"wp-image-456\" srcset=\"https:\/\/spiaggiabooks.com\/wp-content\/uploads\/2026\/04\/ostia-visuel-1-8-scaled.jpg 2560w, https:\/\/spiaggiabooks.com\/wp-content\/uploads\/2026\/04\/ostia-visuel-1-8-300x200.jpg 300w\" sizes=\"auto, (max-width: 2560px) 100vw, 2560px\" \/><\/figure>\n\n\n\n<p style=\"line-height:1\"><strong>OSTIA<br><\/strong>gwenael porte ianotto<\/p>\n\n\n\n<div style=\"height:100px\" aria-hidden=\"true\" class=\"wp-block-spacer\"><\/div>\n\n\n\n<p style=\"line-height:1\">OSTIA est un livre de fragments, une tentative d\u2019\u00e9puisement et d\u2019\u00e9vocation de la plage d\u2019Ostia o\u00f9 a \u00e9t\u00e9 assassin\u00e9 Pier Paolo Pasolini en 1975. \u00c0 travers des textes et des images, le livre explore ce que le lieu donne encore \u00e0 voir : non une trace \u00e9vidente, mais des indices dispers\u00e9s, incertains. En travaillant le parcellaire, il met en tension regard et m\u00e9moire pour faire appara\u00eetre moins une pr\u00e9sence qu\u2019une disparition.<\/p>\n\n\n\n<p><\/p>\n\n\n\n<p><\/p>\n\n\n\n<p style=\"line-height:1\">17 cm \u00d7 22 cm<br>128 pages<br>Impression num\u00e9rique \u2014 Faezen Printing (Italie) <br>Papier : munken white 85g<br>Pli\u00e9, avec \u00e9lastique<br>Textes en fran\u00e7ais<br>ISBN : 978-2-9592931-1-5 <br><strong>35\u20ac<\/strong><\/p>\n\n\n\n<div class=\"wp-block-buttons is-content-justification-center is-layout-flex wp-container-core-buttons-is-layout-a89b3969 wp-block-buttons-is-layout-flex\">\n<div class=\"wp-block-button has-custom-width wp-block-button__width-100\"><a class=\"wp-block-button__link has-text-align-center wp-element-button\" href=\"https:\/\/spiaggiabooks.com\/index.php\/produit\/ostia-gwenael-porte-ianotto\/\"><strong>commander<\/strong><\/a><\/div>\n<\/div>\n\n\n\n<details class=\"wp-block-details is-layout-flow wp-block-details-is-layout-flow\"><summary>GWENAEL PORTE IANOTTO<\/summary>\n<h6 class=\"wp-block-heading has-contrast-color has-text-color has-link-color wp-elements-2a37801f27811d866ac6eb3e6c84a505\" style=\"font-size:11px\">Gwena\u00ebl Porte Ianotto est artiste. Il a suivi a suivi des \u00e9tudes cin\u00e9matographiques \u00e0 Montpellier et Paris, et particip\u00e9 \u00e0 la cr\u00e9ation de la revue de cin\u00e9ma&nbsp;<em>La Septi\u00e8me Obsession<\/em>&nbsp;en 2015. Il a obtenu le dipl\u00f4me de l&rsquo;\u00e9cole nationale sup\u00e9rieure de la photographie en 2019.&nbsp;<br>Il cofonde la revue&nbsp;<em>La nuit.<\/em>&nbsp;en 2020 et codirige la collection Penser, d\u00e9cider, agir (\u00e9d. Belopolie) dont il signe l\u2019identit\u00e9 visuelle.<br><br>Son travail porte sur le vide et l\u2019impossibilit\u00e9 de voir. Il d\u00e9place les images selon une matrice, un syst\u00e8me d\u2019apparition des images qui demeurent toujours aussi instables, imparfaites, manquantes ou vides. Sa source peut \u00eatre litt\u00e9raire, photographique ou cin\u00e9matographique, il \u00e9puise l\u2019histoire en pr\u00e9sence pour que le spectateur se retrouve face \u00e0 une impossibilit\u00e9 de saisir cette chose qui \u00e9chappe et reste \u00e0 l\u2019\u00e9tat de d\u00e9sir.<\/h6>\n\n\n<\/details>\n","protected":false},"excerpt":{"rendered":"<p>OSTIAgwenael porte ianotto OSTIA est un livre de fragments, une tentative d\u2019\u00e9puisement et d\u2019\u00e9vocation de la plage d\u2019Ostia o\u00f9 a \u00e9t\u00e9 assassin\u00e9 Pier Paolo Pasolini en 1975. \u00c0 travers des textes et des images, le livre explore ce que le lieu donne encore \u00e0 voir : non une trace \u00e9vidente, mais des indices dispers\u00e9s, incertains. [&hellip;]<\/p>\n","protected":false},"author":1,"featured_media":0,"parent":0,"menu_order":0,"comment_status":"closed","ping_status":"closed","template":"","meta":{"footnotes":""},"class_list":["post-457","page","type-page","status-publish","hentry"],"jetpack_sharing_enabled":true,"_links":{"self":[{"href":"https:\/\/spiaggiabooks.com\/index.php\/wp-json\/wp\/v2\/pages\/457","targetHints":{"allow":["GET"]}}],"collection":[{"href":"https:\/\/spiaggiabooks.com\/index.php\/wp-json\/wp\/v2\/pages"}],"about":[{"href":"https:\/\/spiaggiabooks.com\/index.php\/wp-json\/wp\/v2\/types\/page"}],"author":[{"embeddable":true,"href":"https:\/\/spiaggiabooks.com\/index.php\/wp-json\/wp\/v2\/users\/1"}],"replies":[{"embeddable":true,"href":"https:\/\/spiaggiabooks.com\/index.php\/wp-json\/wp\/v2\/comments?post=457"}],"version-history":[{"count":7,"href":"https:\/\/spiaggiabooks.com\/index.php\/wp-json\/wp\/v2\/pages\/457\/revisions"}],"predecessor-version":[{"id":472,"href":"https:\/\/spiaggiabooks.com\/index.php\/wp-json\/wp\/v2\/pages\/457\/revisions\/472"}],"wp:attachment":[{"href":"https:\/\/spiaggiabooks.com\/index.php\/wp-json\/wp\/v2\/media?parent=457"}],"curies":[{"name":"wp","href":"https:\/\/api.w.org\/{rel}","templated":true}]}}